{"id":19389,"date":"2026-04-26T01:39:50","date_gmt":"2026-04-26T01:39:50","guid":{"rendered":"https:\/\/lelaboratoire.mx\/wp\/?page_id=19389"},"modified":"2026-04-26T01:44:07","modified_gmt":"2026-04-26T01:44:07","slug":"2009-05-03-pelaje-gabriela-gutierrez-ovalle","status":"publish","type":"page","link":"https:\/\/lelaboratoire.mx\/wp\/2009-05-03-pelaje-gabriela-gutierrez-ovalle\/","title":{"rendered":"2009.05.03 Pelaje | Gabriela Guti\u00e9rrez Ovalle"},"content":{"rendered":"\t\t<div data-elementor-type=\"wp-page\" data-elementor-id=\"19389\" class=\"elementor elementor-19389\" data-elementor-post-type=\"page\">\n\t\t\t\t\t\t<section class=\"elementor-section elementor-top-section elementor-element elementor-element-c66b559 elementor-section-boxed elementor-section-height-default elementor-section-height-default\" data-id=\"c66b559\" data-element_type=\"section\" data-e-type=\"section\">\n\t\t\t\t\t\t<div class=\"elementor-container elementor-column-gap-default\">\n\t\t\t\t\t<div class=\"elementor-column elementor-col-100 elementor-top-column elementor-element elementor-element-c14778a\" data-id=\"c14778a\" data-element_type=\"column\" data-e-type=\"column\">\n\t\t\t<div class=\"elementor-widget-wrap elementor-element-populated\">\n\t\t\t\t\t\t<div class=\"elementor-element elementor-element-be9c8d1 elementor-widget elementor-widget-text-editor\" data-id=\"be9c8d1\" data-element_type=\"widget\" data-e-type=\"widget\" data-widget_type=\"text-editor.default\">\n\t\t\t\t<div class=\"elementor-widget-container\">\n\t\t\t\t\t\t\t\t\t<h1><span style=\"color: #006699;\">Pelaje | Gabriela Guti\u00e9rrez Ovalle<\/span><\/h1>\t\t\t\t\t\t\t\t<\/div>\n\t\t\t\t<\/div>\n\t\t\t\t<div class=\"elementor-element elementor-element-665f871 elementor-widget-divider--view-line elementor-widget elementor-widget-divider\" data-id=\"665f871\" data-element_type=\"widget\" data-e-type=\"widget\" data-widget_type=\"divider.default\">\n\t\t\t\t<div class=\"elementor-widget-container\">\n\t\t\t\t\t\t\t<div class=\"elementor-divider\">\n\t\t\t<span class=\"elementor-divider-separator\">\n\t\t\t\t\t\t<\/span>\n\t\t<\/div>\n\t\t\t\t\t\t<\/div>\n\t\t\t\t<\/div>\n\t\t\t\t\t<\/div>\n\t\t<\/div>\n\t\t\t\t\t<\/div>\n\t\t<\/section>\n\t\t\t\t<section class=\"elementor-section elementor-top-section elementor-element elementor-element-1793d67 elementor-section-boxed elementor-section-height-default elementor-section-height-default\" data-id=\"1793d67\" data-element_type=\"section\" data-e-type=\"section\">\n\t\t\t\t\t\t<div class=\"elementor-container elementor-column-gap-default\">\n\t\t\t\t\t<div class=\"elementor-column elementor-col-100 elementor-top-column elementor-element elementor-element-3c6d2b6\" data-id=\"3c6d2b6\" data-element_type=\"column\" data-e-type=\"column\">\n\t\t\t<div class=\"elementor-widget-wrap elementor-element-populated\">\n\t\t\t\t\t\t<div class=\"elementor-element elementor-element-9f0deed elementor-widget elementor-widget-image\" data-id=\"9f0deed\" data-element_type=\"widget\" data-e-type=\"widget\" data-widget_type=\"image.default\">\n\t\t\t\t<div class=\"elementor-widget-container\">\n\t\t\t\t\t\t\t\t\t\t\t\t\t\t\t<img fetchpriority=\"high\" decoding=\"async\" width=\"800\" height=\"807\" src=\"https:\/\/lelaboratoire.mx\/wp\/wp-content\/uploads\/2026\/04\/pelaje.webp\" class=\"attachment-full size-full wp-image-19391\" alt=\"\" srcset=\"https:\/\/lelaboratoire.mx\/wp\/wp-content\/uploads\/2026\/04\/pelaje.webp 800w, https:\/\/lelaboratoire.mx\/wp\/wp-content\/uploads\/2026\/04\/pelaje-768x775.webp 768w\" sizes=\"(max-width: 800px) 100vw, 800px\" \/>\t\t\t\t\t\t\t\t\t\t\t\t\t\t\t<\/div>\n\t\t\t\t<\/div>\n\t\t\t\t\t<\/div>\n\t\t<\/div>\n\t\t\t\t\t<\/div>\n\t\t<\/section>\n\t\t\t\t<section class=\"elementor-section elementor-top-section elementor-element elementor-element-4226ce5 elementor-section-boxed elementor-section-height-default elementor-section-height-default\" data-id=\"4226ce5\" data-element_type=\"section\" data-e-type=\"section\">\n\t\t\t\t\t\t<div class=\"elementor-container elementor-column-gap-default\">\n\t\t\t\t\t<div class=\"elementor-column elementor-col-100 elementor-top-column elementor-element elementor-element-eae81f6\" data-id=\"eae81f6\" data-element_type=\"column\" data-e-type=\"column\">\n\t\t\t<div class=\"elementor-widget-wrap elementor-element-populated\">\n\t\t\t\t\t\t<div class=\"elementor-element elementor-element-52606f6 elementor-widget elementor-widget-text-editor\" data-id=\"52606f6\" data-element_type=\"widget\" data-e-type=\"widget\" data-widget_type=\"text-editor.default\">\n\t\t\t\t<div class=\"elementor-widget-container\">\n\t\t\t\t\t\t\t\t\t<h2 style=\"text-align: right;\">El arte es la \u00fanica forma de actividad por la cual el hombre se manifiesta como verdadero individuo.<br \/>Marcel Duchamp<\/h2><h2>La presente selecci\u00f3n de obra est\u00e1 basada en la m\u00e1s reciente etapa de creaci\u00f3n de la artista, quien buscando caminos propositivos dentro de su propio trabajo, encontr\u00f3 en la materia org\u00e1nica que conforma el pelo o cabello humano un elemento que integr\u00f3 primeramente al soporte formal de su pintura, y que despu\u00e9s fue adquiriendo un car\u00e1cter aut\u00f3nomo para conformar piezas tridimensionales con diversas lecturas asociadas a la construcci\u00f3n mental colectiva o a la intima y personal.<\/h2><h2>Es as\u00ed como el pelo humano adquiere varias lecturas, la m\u00e1s directa y evidente podr\u00eda ser su cualidad er\u00f3tica vinculada al placer o al pudor y como un elemento que funda continentes dentro del cuerpo mismo. Por otra parte su relaci\u00f3n con la protecci\u00f3n que este ofrece es asociada a una zona de refugio o cobijo.<\/h2><h2>Adem\u00e1s de las implicaciones antes se\u00f1aladas, \u00e9ste adquiere varios significantes, por una parte como una especie de despojo al ser desvinculado o arrancado de su soporte, que es la propia piel, o al cortarlo por uno de sus extremos para crear un elemento individual.<\/h2><h2>Su longitud es tambi\u00e9n relacionada a la idea del tiempo transcurrido dado su crecimiento aut\u00f3nomo como algo a la vez propio y ajeno, una prolongaci\u00f3n del mismo cuerpo.<\/h2><h2>Gabriela Guti\u00e9rrez se introduce al tema del pelo y la piel como elementos subliminales de la sexualidad en la l\u00f3gica del mercado, aquella que conforma una peluca al transpolar la idea de cabellera artificial, m\u00e1s explotada tradicionalmente en la mujer, aunque en los tiempos actuales ambos sexos quedan inmersos en este y otros procesos de generaci\u00f3n del deseo, de la persuasi\u00f3n e incitaci\u00f3n al consumo, el ocultamiento de la edad y elemento de vanidad.<\/h2><h2>La diversidad de los medios formales (instalaci\u00f3n, pintura o arte objeto) no distancian al espectador de un lenguaje pl\u00e1stico y una propuesta conceptual claramente marcada, en la que Gabriela Guti\u00e9rrez es identificada. En este sentido se trata de un componente con lecturas dil\u00f3gicas o encontradas entre la atracci\u00f3n y la repulsi\u00f3n, entre el deseo y la n\u00e1usea.<\/h2><h2 style=\"text-align: right;\">Rafael Alfonso P\u00e9rez y P\u00e9rez<\/h2>\t\t\t\t\t\t\t\t<\/div>\n\t\t\t\t<\/div>\n\t\t\t\t\t<\/div>\n\t\t<\/div>\n\t\t\t\t\t<\/div>\n\t\t<\/section>\n\t\t\t\t<section class=\"elementor-section elementor-top-section elementor-element elementor-element-67b8ecf elementor-section-boxed elementor-section-height-default elementor-section-height-default\" data-id=\"67b8ecf\" data-element_type=\"section\" data-e-type=\"section\">\n\t\t\t\t\t\t<div class=\"elementor-container elementor-column-gap-default\">\n\t\t\t\t\t<div class=\"elementor-column elementor-col-100 elementor-top-column elementor-element elementor-element-bf37a4a\" data-id=\"bf37a4a\" data-element_type=\"column\" data-e-type=\"column\">\n\t\t\t<div class=\"elementor-widget-wrap elementor-element-populated\">\n\t\t\t\t\t\t<div class=\"elementor-element elementor-element-71b269f elementor-widget elementor-widget-gallery\" data-id=\"71b269f\" data-element_type=\"widget\" data-e-type=\"widget\" data-settings=\"{&quot;columns&quot;:3,&quot;gap&quot;:{&quot;unit&quot;:&quot;px&quot;,&quot;size&quot;:20,&quot;sizes&quot;:[]},&quot;gallery_layout&quot;:&quot;grid&quot;,&quot;columns_tablet&quot;:2,&quot;columns_mobile&quot;:1,&quot;gap_tablet&quot;:{&quot;unit&quot;:&quot;px&quot;,&quot;size&quot;:10,&quot;sizes&quot;:[]},&quot;gap_mobile&quot;:{&quot;unit&quot;:&quot;px&quot;,&quot;size&quot;:10,&quot;sizes&quot;:[]},&quot;link_to&quot;:&quot;file&quot;,&quot;aspect_ratio&quot;:&quot;3:2&quot;,&quot;overlay_background&quot;:&quot;yes&quot;,&quot;content_hover_animation&quot;:&quot;fade-in&quot;}\" data-widget_type=\"gallery.default\">\n\t\t\t\t<div class=\"elementor-widget-container\">\n\t\t\t\t\t\t\t<div class=\"elementor-gallery__container\">\n\t\t\t\t\t\t\t<a class=\"e-gallery-item elementor-gallery-item elementor-animated-content\" href=\"https:\/\/lelaboratoire.mx\/wp\/wp-content\/uploads\/2026\/04\/pelaje058.webp\" data-elementor-open-lightbox=\"yes\" data-elementor-lightbox-slideshow=\"71b269f\" data-elementor-lightbox-title=\"pelaje058\" data-e-action-hash=\"#elementor-action%3Aaction%3Dlightbox%26settings%3DeyJpZCI6MTkzOTQsInVybCI6Imh0dHBzOlwvXC9sZWxhYm9yYXRvaXJlLm14XC93cFwvd3AtY29udGVudFwvdXBsb2Fkc1wvMjAyNlwvMDRcL3BlbGFqZTA1OC53ZWJwIiwic2xpZGVzaG93IjoiNzFiMjY5ZiJ9\">\n\t\t\t\t\t<div class=\"e-gallery-image elementor-gallery-item__image\" data-thumbnail=\"https:\/\/lelaboratoire.mx\/wp\/wp-content\/uploads\/2026\/04\/pelaje058.webp\" data-width=\"1200\" data-height=\"900\" aria-label=\"\" role=\"img\" ><\/div>\n\t\t\t\t\t\t\t\t\t\t\t<div class=\"elementor-gallery-item__overlay\"><\/div>\n\t\t\t\t\t\t\t\t\t\t\t\t\t\t<\/a>\n\t\t\t\t\t\t\t<a class=\"e-gallery-item elementor-gallery-item elementor-animated-content\" href=\"https:\/\/lelaboratoire.mx\/wp\/wp-content\/uploads\/2026\/04\/pelaje113.webp\" data-elementor-open-lightbox=\"yes\" data-elementor-lightbox-slideshow=\"71b269f\" data-elementor-lightbox-title=\"pelaje113\" data-e-action-hash=\"#elementor-action%3Aaction%3Dlightbox%26settings%3DeyJpZCI6MTkzOTUsInVybCI6Imh0dHBzOlwvXC9sZWxhYm9yYXRvaXJlLm14XC93cFwvd3AtY29udGVudFwvdXBsb2Fkc1wvMjAyNlwvMDRcL3BlbGFqZTExMy53ZWJwIiwic2xpZGVzaG93IjoiNzFiMjY5ZiJ9\">\n\t\t\t\t\t<div class=\"e-gallery-image elementor-gallery-item__image\" data-thumbnail=\"https:\/\/lelaboratoire.mx\/wp\/wp-content\/uploads\/2026\/04\/pelaje113.webp\" data-width=\"1200\" data-height=\"900\" aria-label=\"\" role=\"img\" ><\/div>\n\t\t\t\t\t\t\t\t\t\t\t<div class=\"elementor-gallery-item__overlay\"><\/div>\n\t\t\t\t\t\t\t\t\t\t\t\t\t\t<\/a>\n\t\t\t\t\t\t\t<a class=\"e-gallery-item elementor-gallery-item elementor-animated-content\" href=\"https:\/\/lelaboratoire.mx\/wp\/wp-content\/uploads\/2026\/04\/pelaje116.webp\" data-elementor-open-lightbox=\"yes\" data-elementor-lightbox-slideshow=\"71b269f\" data-elementor-lightbox-title=\"pelaje116\" data-e-action-hash=\"#elementor-action%3Aaction%3Dlightbox%26settings%3DeyJpZCI6MTkzOTYsInVybCI6Imh0dHBzOlwvXC9sZWxhYm9yYXRvaXJlLm14XC93cFwvd3AtY29udGVudFwvdXBsb2Fkc1wvMjAyNlwvMDRcL3BlbGFqZTExNi53ZWJwIiwic2xpZGVzaG93IjoiNzFiMjY5ZiJ9\">\n\t\t\t\t\t<div class=\"e-gallery-image elementor-gallery-item__image\" data-thumbnail=\"https:\/\/lelaboratoire.mx\/wp\/wp-content\/uploads\/2026\/04\/pelaje116.webp\" data-width=\"1067\" data-height=\"1200\" aria-label=\"\" role=\"img\" ><\/div>\n\t\t\t\t\t\t\t\t\t\t\t<div class=\"elementor-gallery-item__overlay\"><\/div>\n\t\t\t\t\t\t\t\t\t\t\t\t\t\t<\/a>\n\t\t\t\t\t\t\t<a class=\"e-gallery-item elementor-gallery-item elementor-animated-content\" href=\"https:\/\/lelaboratoire.mx\/wp\/wp-content\/uploads\/2026\/04\/pelaje117.webp\" data-elementor-open-lightbox=\"yes\" data-elementor-lightbox-slideshow=\"71b269f\" data-elementor-lightbox-title=\"pelaje117\" data-e-action-hash=\"#elementor-action%3Aaction%3Dlightbox%26settings%3DeyJpZCI6MTkzOTcsInVybCI6Imh0dHBzOlwvXC9sZWxhYm9yYXRvaXJlLm14XC93cFwvd3AtY29udGVudFwvdXBsb2Fkc1wvMjAyNlwvMDRcL3BlbGFqZTExNy53ZWJwIiwic2xpZGVzaG93IjoiNzFiMjY5ZiJ9\">\n\t\t\t\t\t<div class=\"e-gallery-image elementor-gallery-item__image\" data-thumbnail=\"https:\/\/lelaboratoire.mx\/wp\/wp-content\/uploads\/2026\/04\/pelaje117.webp\" data-width=\"1200\" data-height=\"900\" aria-label=\"\" role=\"img\" ><\/div>\n\t\t\t\t\t\t\t\t\t\t\t<div class=\"elementor-gallery-item__overlay\"><\/div>\n\t\t\t\t\t\t\t\t\t\t\t\t\t\t<\/a>\n\t\t\t\t\t\t\t<a class=\"e-gallery-item elementor-gallery-item elementor-animated-content\" href=\"https:\/\/lelaboratoire.mx\/wp\/wp-content\/uploads\/2026\/04\/pelaje119.webp\" data-elementor-open-lightbox=\"yes\" data-elementor-lightbox-slideshow=\"71b269f\" data-elementor-lightbox-title=\"pelaje119\" data-e-action-hash=\"#elementor-action%3Aaction%3Dlightbox%26settings%3DeyJpZCI6MTkzOTgsInVybCI6Imh0dHBzOlwvXC9sZWxhYm9yYXRvaXJlLm14XC93cFwvd3AtY29udGVudFwvdXBsb2Fkc1wvMjAyNlwvMDRcL3BlbGFqZTExOS53ZWJwIiwic2xpZGVzaG93IjoiNzFiMjY5ZiJ9\">\n\t\t\t\t\t<div class=\"e-gallery-image elementor-gallery-item__image\" data-thumbnail=\"https:\/\/lelaboratoire.mx\/wp\/wp-content\/uploads\/2026\/04\/pelaje119.webp\" data-width=\"1200\" data-height=\"900\" aria-label=\"\" role=\"img\" ><\/div>\n\t\t\t\t\t\t\t\t\t\t\t<div class=\"elementor-gallery-item__overlay\"><\/div>\n\t\t\t\t\t\t\t\t\t\t\t\t\t\t<\/a>\n\t\t\t\t\t\t\t<a class=\"e-gallery-item elementor-gallery-item elementor-animated-content\" href=\"https:\/\/lelaboratoire.mx\/wp\/wp-content\/uploads\/2026\/04\/pelaje120.webp\" data-elementor-open-lightbox=\"yes\" data-elementor-lightbox-slideshow=\"71b269f\" data-elementor-lightbox-title=\"pelaje120\" data-e-action-hash=\"#elementor-action%3Aaction%3Dlightbox%26settings%3DeyJpZCI6MTkzOTksInVybCI6Imh0dHBzOlwvXC9sZWxhYm9yYXRvaXJlLm14XC93cFwvd3AtY29udGVudFwvdXBsb2Fkc1wvMjAyNlwvMDRcL3BlbGFqZTEyMC53ZWJwIiwic2xpZGVzaG93IjoiNzFiMjY5ZiJ9\">\n\t\t\t\t\t<div class=\"e-gallery-image elementor-gallery-item__image\" data-thumbnail=\"https:\/\/lelaboratoire.mx\/wp\/wp-content\/uploads\/2026\/04\/pelaje120.webp\" data-width=\"1200\" data-height=\"900\" aria-label=\"\" role=\"img\" ><\/div>\n\t\t\t\t\t\t\t\t\t\t\t<div class=\"elementor-gallery-item__overlay\"><\/div>\n\t\t\t\t\t\t\t\t\t\t\t\t\t\t<\/a>\n\t\t\t\t\t\t\t<a class=\"e-gallery-item elementor-gallery-item elementor-animated-content\" href=\"https:\/\/lelaboratoire.mx\/wp\/wp-content\/uploads\/2026\/04\/pelaje121.webp\" data-elementor-open-lightbox=\"yes\" data-elementor-lightbox-slideshow=\"71b269f\" data-elementor-lightbox-title=\"pelaje121\" data-e-action-hash=\"#elementor-action%3Aaction%3Dlightbox%26settings%3DeyJpZCI6MTk0MDAsInVybCI6Imh0dHBzOlwvXC9sZWxhYm9yYXRvaXJlLm14XC93cFwvd3AtY29udGVudFwvdXBsb2Fkc1wvMjAyNlwvMDRcL3BlbGFqZTEyMS53ZWJwIiwic2xpZGVzaG93IjoiNzFiMjY5ZiJ9\">\n\t\t\t\t\t<div class=\"e-gallery-image elementor-gallery-item__image\" data-thumbnail=\"https:\/\/lelaboratoire.mx\/wp\/wp-content\/uploads\/2026\/04\/pelaje121.webp\" data-width=\"1200\" data-height=\"900\" aria-label=\"\" role=\"img\" ><\/div>\n\t\t\t\t\t\t\t\t\t\t\t<div class=\"elementor-gallery-item__overlay\"><\/div>\n\t\t\t\t\t\t\t\t\t\t\t\t\t\t<\/a>\n\t\t\t\t\t\t\t<a class=\"e-gallery-item elementor-gallery-item elementor-animated-content\" href=\"https:\/\/lelaboratoire.mx\/wp\/wp-content\/uploads\/2026\/04\/pelaje122.webp\" data-elementor-open-lightbox=\"yes\" data-elementor-lightbox-slideshow=\"71b269f\" data-elementor-lightbox-title=\"pelaje122\" data-e-action-hash=\"#elementor-action%3Aaction%3Dlightbox%26settings%3DeyJpZCI6MTk0MDEsInVybCI6Imh0dHBzOlwvXC9sZWxhYm9yYXRvaXJlLm14XC93cFwvd3AtY29udGVudFwvdXBsb2Fkc1wvMjAyNlwvMDRcL3BlbGFqZTEyMi53ZWJwIiwic2xpZGVzaG93IjoiNzFiMjY5ZiJ9\">\n\t\t\t\t\t<div class=\"e-gallery-image elementor-gallery-item__image\" data-thumbnail=\"https:\/\/lelaboratoire.mx\/wp\/wp-content\/uploads\/2026\/04\/pelaje122.webp\" data-width=\"1200\" data-height=\"900\" aria-label=\"\" role=\"img\" ><\/div>\n\t\t\t\t\t\t\t\t\t\t\t<div class=\"elementor-gallery-item__overlay\"><\/div>\n\t\t\t\t\t\t\t\t\t\t\t\t\t\t<\/a>\n\t\t\t\t\t\t\t<a class=\"e-gallery-item elementor-gallery-item elementor-animated-content\" href=\"https:\/\/lelaboratoire.mx\/wp\/wp-content\/uploads\/2026\/04\/pelaje005.webp\" data-elementor-open-lightbox=\"yes\" data-elementor-lightbox-slideshow=\"71b269f\" data-elementor-lightbox-title=\"pelaje005\" data-e-action-hash=\"#elementor-action%3Aaction%3Dlightbox%26settings%3DeyJpZCI6MTkzOTMsInVybCI6Imh0dHBzOlwvXC9sZWxhYm9yYXRvaXJlLm14XC93cFwvd3AtY29udGVudFwvdXBsb2Fkc1wvMjAyNlwvMDRcL3BlbGFqZTAwNS53ZWJwIiwic2xpZGVzaG93IjoiNzFiMjY5ZiJ9\">\n\t\t\t\t\t<div class=\"e-gallery-image elementor-gallery-item__image\" data-thumbnail=\"https:\/\/lelaboratoire.mx\/wp\/wp-content\/uploads\/2026\/04\/pelaje005.webp\" data-width=\"860\" data-height=\"1200\" aria-label=\"\" role=\"img\" ><\/div>\n\t\t\t\t\t\t\t\t\t\t\t<div class=\"elementor-gallery-item__overlay\"><\/div>\n\t\t\t\t\t\t\t\t\t\t\t\t\t\t<\/a>\n\t\t\t\t\t<\/div>\n\t\t\t\t\t<\/div>\n\t\t\t\t<\/div>\n\t\t\t\t\t<\/div>\n\t\t<\/div>\n\t\t\t\t\t<\/div>\n\t\t<\/section>\n\t\t\t\t<section class=\"elementor-section elementor-top-section elementor-element elementor-element-c9f0a5d elementor-section-boxed elementor-section-height-default elementor-section-height-default\" data-id=\"c9f0a5d\" data-element_type=\"section\" data-e-type=\"section\">\n\t\t\t\t\t\t<div class=\"elementor-container elementor-column-gap-default\">\n\t\t\t\t\t<div class=\"elementor-column elementor-col-50 elementor-top-column elementor-element elementor-element-ac1e608\" data-id=\"ac1e608\" data-element_type=\"column\" data-e-type=\"column\">\n\t\t\t<div class=\"elementor-widget-wrap elementor-element-populated\">\n\t\t\t\t\t\t<div class=\"elementor-element elementor-element-f2748b9 elementor-widget elementor-widget-text-editor\" data-id=\"f2748b9\" data-element_type=\"widget\" data-e-type=\"widget\" data-widget_type=\"text-editor.default\">\n\t\t\t\t<div class=\"elementor-widget-container\">\n\t\t\t\t\t\t\t\t\t<h4>Secretar\u00eda de Hacienda y Cr\u00e9dito P\u00fablico<br \/>Oficialia Mayor<br \/>Direcci\u00f3n General de Promoci\u00f3n Cultural, Obra P\u00fablica y Acervo Patrimonial<\/h4><h4>Marzo \u2022 Mayo 2009<\/h4>\t\t\t\t\t\t\t\t<\/div>\n\t\t\t\t<\/div>\n\t\t\t\t\t<\/div>\n\t\t<\/div>\n\t\t\t\t<div class=\"elementor-column elementor-col-50 elementor-top-column elementor-element elementor-element-ad67b32\" data-id=\"ad67b32\" data-element_type=\"column\" data-e-type=\"column\">\n\t\t\t<div class=\"elementor-widget-wrap elementor-element-populated\">\n\t\t\t\t\t\t<div class=\"elementor-element elementor-element-0b004b1 elementor-widget elementor-widget-image\" data-id=\"0b004b1\" data-element_type=\"widget\" data-e-type=\"widget\" data-widget_type=\"image.default\">\n\t\t\t\t<div class=\"elementor-widget-container\">\n\t\t\t\t\t\t\t\t\t\t\t\t\t\t\t<img decoding=\"async\" width=\"175\" height=\"111\" src=\"https:\/\/lelaboratoire.mx\/wp\/wp-content\/uploads\/2026\/04\/logoSHCP.webp\" class=\"attachment-large size-large wp-image-19392\" alt=\"\" \/>\t\t\t\t\t\t\t\t\t\t\t\t\t\t\t<\/div>\n\t\t\t\t<\/div>\n\t\t\t\t\t<\/div>\n\t\t<\/div>\n\t\t\t\t\t<\/div>\n\t\t<\/section>\n\t\t\t\t<section class=\"elementor-section elementor-top-section elementor-element elementor-element-3600d00 elementor-section-boxed elementor-section-height-default elementor-section-height-default\" data-id=\"3600d00\" data-element_type=\"section\" data-e-type=\"section\">\n\t\t\t\t\t\t<div class=\"elementor-container elementor-column-gap-default\">\n\t\t\t\t\t<div class=\"elementor-column elementor-col-100 elementor-top-column elementor-element elementor-element-f1151fc\" data-id=\"f1151fc\" data-element_type=\"column\" data-e-type=\"column\">\n\t\t\t<div class=\"elementor-widget-wrap elementor-element-populated\">\n\t\t\t\t\t\t<div class=\"elementor-element elementor-element-1839eba elementor-widget-divider--view-line elementor-widget elementor-widget-divider\" data-id=\"1839eba\" data-element_type=\"widget\" data-e-type=\"widget\" data-widget_type=\"divider.default\">\n\t\t\t\t<div class=\"elementor-widget-container\">\n\t\t\t\t\t\t\t<div class=\"elementor-divider\">\n\t\t\t<span class=\"elementor-divider-separator\">\n\t\t\t\t\t\t<\/span>\n\t\t<\/div>\n\t\t\t\t\t\t<\/div>\n\t\t\t\t<\/div>\n\t\t\t\t\t<\/div>\n\t\t<\/div>\n\t\t\t\t\t<\/div>\n\t\t<\/section>\n\t\t\t\t<section class=\"elementor-section elementor-top-section elementor-element elementor-element-a3f7df0 elementor-section-boxed elementor-section-height-default elementor-section-height-default\" data-id=\"a3f7df0\" data-element_type=\"section\" data-e-type=\"section\">\n\t\t\t\t\t\t<div class=\"elementor-container elementor-column-gap-default\">\n\t\t\t\t\t<div class=\"elementor-column elementor-col-50 elementor-top-column elementor-element elementor-element-78590c9\" data-id=\"78590c9\" data-element_type=\"column\" data-e-type=\"column\">\n\t\t\t<div class=\"elementor-widget-wrap elementor-element-populated\">\n\t\t\t\t\t\t<div class=\"elementor-element elementor-element-57bc6a7 elementor-widget elementor-widget-image\" data-id=\"57bc6a7\" data-element_type=\"widget\" data-e-type=\"widget\" data-widget_type=\"image.default\">\n\t\t\t\t<div class=\"elementor-widget-container\">\n\t\t\t\t\t\t\t\t\t\t\t\t\t\t\t<img decoding=\"async\" width=\"480\" height=\"600\" src=\"https:\/\/lelaboratoire.mx\/wp\/wp-content\/uploads\/2020\/06\/07Gtrez.jpg\" class=\"attachment-full size-full wp-image-107\" alt=\"\" srcset=\"https:\/\/lelaboratoire.mx\/wp\/wp-content\/uploads\/2020\/06\/07Gtrez.jpg 480w, https:\/\/lelaboratoire.mx\/wp\/wp-content\/uploads\/2020\/06\/07Gtrez-240x300.jpg 240w, https:\/\/lelaboratoire.mx\/wp\/wp-content\/uploads\/2020\/06\/07Gtrez-19x24.jpg 19w, https:\/\/lelaboratoire.mx\/wp\/wp-content\/uploads\/2020\/06\/07Gtrez-29x36.jpg 29w, https:\/\/lelaboratoire.mx\/wp\/wp-content\/uploads\/2020\/06\/07Gtrez-38x48.jpg 38w\" sizes=\"(max-width: 480px) 100vw, 480px\" \/>\t\t\t\t\t\t\t\t\t\t\t\t\t\t\t<\/div>\n\t\t\t\t<\/div>\n\t\t\t\t\t<\/div>\n\t\t<\/div>\n\t\t\t\t<div class=\"elementor-column elementor-col-50 elementor-top-column elementor-element elementor-element-6118b63\" data-id=\"6118b63\" data-element_type=\"column\" data-e-type=\"column\">\n\t\t\t<div class=\"elementor-widget-wrap elementor-element-populated\">\n\t\t\t\t\t\t<div class=\"elementor-element elementor-element-4dff985 elementor-widget elementor-widget-text-editor\" data-id=\"4dff985\" data-element_type=\"widget\" data-e-type=\"widget\" data-widget_type=\"text-editor.default\">\n\t\t\t\t<div class=\"elementor-widget-container\">\n\t\t\t\t\t\t\t\t\t<h1><span style=\"color: #006699;\">Gabriela Guti\u00e9rrez Ovalle<\/span><br \/><span style=\"color: #006699;\">m\u00e9xico, d.f., 1961<\/span><\/h1>\t\t\t\t\t\t\t\t<\/div>\n\t\t\t\t<\/div>\n\t\t\t\t<div class=\"elementor-element elementor-element-a042eee elementor-widget elementor-widget-text-editor\" data-id=\"a042eee\" data-element_type=\"widget\" data-e-type=\"widget\" data-widget_type=\"text-editor.default\">\n\t\t\t\t<div class=\"elementor-widget-container\">\n\t\t\t\t\t\t\t\t\t<h2>Ha realizado exposiciones individuales en el Antiguo Colegio de San Ildefonso, Ciudad de M\u00e9xico (2017-2018); Galer\u00eda Le laboratoire, Ciudad de M\u00e9xico (2016, 2014 y 2011); Galer\u00eda Proceso, Cuenca, Ecuador (2015); En el Museo de la Ciudad de Quer\u00e9taro (2013); Centro Nacional de Las Artes, Ciudad de M\u00e9xico (2012); Museo Experimental el Eco y Museo de la Secretar\u00eda de Hacienda y Cr\u00e9dito P\u00fablico, Antiguo Palacio del Arzobispado, Ciudad de M\u00e9xico (2009); Escuela de Arte y Superior de Dise\u00f1o de M\u00e9rida, Espa\u00f1a, (2008); Museo de Arte Abstracto Manuel Felgu\u00e9rez, Zacatecas (2007); Instituto de M\u00e9xico en Madrid, Espa\u00f1a (2003); Galer\u00eda Landucci, Ciudad de M\u00e9xico (2003); Museo de la Ciudad de M\u00e9xico (1999); Museo Universitario del Chopo, Ciudad de M\u00e9xico, (1994), entre otras.<\/h2><h2>Ha participado en numerosas exposiciones colectivas entre las cuales destacamos: Galer\u00eda Le laboratoire, Ciudad de M\u00e9xico (2015, 2014, 2013, 2012, 2011, 2010); Galer\u00eda Nina Menocal, (2013, 2012, 2011); MUAC, Ciudad de M\u00e9xico (2010); Bienal FEMSA, Monterrey (2009); Museo Mural Diego Rivera, Ciudad de M\u00e9xico (2008); Museo Carrillo Gil, Ciudad de M\u00e9xico (1994); Maison de l \u0301Am\u00e9rique Latine, Par\u00eds (1992); Instituto Caba\u00f1as, Guadalajara (1991); Museo de Arte Moderno, Ciudad de M\u00e9xico (1990).<\/h2><h2>Ha sido becaria del FONCA y actualmente ha reingresado al Sistema Nacional de Creadores de M\u00e9xico (2018- 2020).<br \/>Su obra se encuentra en las colecciones de varios museos e instituciones como: Museos de Arte Moderno y de Hacienda (Ciudad de M\u00e9xico); Museo de la ciudad de Quer\u00e9taro (Quer\u00e9taro); Museo de Arte Abstracto Manuel Felgu\u00e9rez (Zacatecas); Museo de arte contempor\u00e1neo MUSAS, Hermosillo Sonora, M\u00e9xico.<\/h2>\t\t\t\t\t\t\t\t<\/div>\n\t\t\t\t<\/div>\n\t\t\t\t\t<\/div>\n\t\t<\/div>\n\t\t\t\t\t<\/div>\n\t\t<\/section>\n\t\t\t\t<\/div>\n\t\t","protected":false},"excerpt":{"rendered":"<p>Pelaje | Gabriela Guti\u00e9rrez Ovalle El arte es la \u00fanica forma de actividad por la cual el hombre se manifiesta como verdadero individuo.Marcel Duchamp La presente selecci\u00f3n de obra est\u00e1 basada en la m\u00e1s reciente etapa de creaci\u00f3n de la artista, quien buscando caminos propositivos dentro de su propio trabajo, encontr\u00f3 en la materia org\u00e1nica &#8230; <a title=\"2009.05.03 Pelaje | Gabriela Guti\u00e9rrez Ovalle\" class=\"read-more\" href=\"https:\/\/lelaboratoire.mx\/wp\/2009-05-03-pelaje-gabriela-gutierrez-ovalle\/\" aria-label=\"Leer m\u00e1s sobre 2009.05.03 Pelaje | Gabriela Guti\u00e9rrez Ovalle\">Read more<\/a><\/p>\n","protected":false},"author":1,"featured_media":0,"parent":0,"menu_order":0,"comment_status":"closed","ping_status":"closed","template":"","meta":{"footnotes":""},"class_list":["post-19389","page","type-page","status-publish"],"_links":{"self":[{"href":"https:\/\/lelaboratoire.mx\/wp\/wp-json\/wp\/v2\/pages\/19389","targetHints":{"allow":["GET"]}}],"collection":[{"href":"https:\/\/lelaboratoire.mx\/wp\/wp-json\/wp\/v2\/pages"}],"about":[{"href":"https:\/\/lelaboratoire.mx\/wp\/wp-json\/wp\/v2\/types\/page"}],"author":[{"embeddable":true,"href":"https:\/\/lelaboratoire.mx\/wp\/wp-json\/wp\/v2\/users\/1"}],"replies":[{"embeddable":true,"href":"https:\/\/lelaboratoire.mx\/wp\/wp-json\/wp\/v2\/comments?post=19389"}],"version-history":[{"count":4,"href":"https:\/\/lelaboratoire.mx\/wp\/wp-json\/wp\/v2\/pages\/19389\/revisions"}],"predecessor-version":[{"id":19404,"href":"https:\/\/lelaboratoire.mx\/wp\/wp-json\/wp\/v2\/pages\/19389\/revisions\/19404"}],"wp:attachment":[{"href":"https:\/\/lelaboratoire.mx\/wp\/wp-json\/wp\/v2\/media?parent=19389"}],"curies":[{"name":"wp","href":"https:\/\/api.w.org\/{rel}","templated":true}]}}